{"id":13905,"date":"2020-11-26T18:14:21","date_gmt":"2020-11-26T16:14:21","guid":{"rendered":"https:\/\/vaunt.ro\/faqs\/"},"modified":"2023-01-12T16:59:59","modified_gmt":"2023-01-12T14:59:59","slug":"faqs","status":"publish","type":"page","link":"https:\/\/vaunt.ro\/en\/faqs\/","title":{"rendered":"FAQs"},"content":{"rendered":"\t\t<div data-elementor-type=\"wp-page\" data-elementor-id=\"13905\" class=\"elementor elementor-13905 elementor-1446\" data-elementor-post-type=\"page\">\n\t\t\t\t\t\t<section class=\"elementor-section elementor-top-section elementor-element elementor-element-5b8f361 elementor-section-full_width mkdf-row-grid-section elementor-section-height-default elementor-section-height-default mkdf-parallax-row-no mkdf-disabled-bg-image-bellow-no\" data-id=\"5b8f361\" data-element_type=\"section\">\n\t\t\t\t\t\t<div class=\"elementor-container elementor-column-gap-default\">\n\t\t\t\t\t<div class=\"elementor-column elementor-col-66 elementor-top-column elementor-element elementor-element-81cd87e\" data-id=\"81cd87e\" data-element_type=\"column\">\n\t\t\t<div class=\"elementor-widget-wrap elementor-element-populated\">\n\t\t\t\t\t\t<div class=\"elementor-element elementor-element-b8a3ee6 elementor-widget elementor-widget-mkdf_elementor_accordion\" data-id=\"b8a3ee6\" data-element_type=\"widget\" data-widget_type=\"mkdf_elementor_accordion.default\">\n\t\t\t\t<div class=\"elementor-widget-container\">\n\t\t\t\t\t\n\t\t<div class=\"mkdf-accordion-holder mkdf-ac-default  mkdf-accordion mkdf-ac-boxed  clearfix\">\n\t\t\t<h4 class=\"mkdf-accordion-title\">\n\t<span class=\"mkdf-tab-title\">Can I customize the app? <\/span>\n    <span class=\"mkdf-accordion-mark\">\n\t\t<span class=\"mkdf_icon_plus icon_plus\"><\/span>\n\t\t<span class=\"mkdf_icon_minus icon_minus-06\"><\/span>\n\t<\/span>\n<\/h4>\n<div class=\"mkdf-accordion-content\">\n\t<div class=\"mkdf-accordion-content-inner\">\n\t\t<p class=\"mkdf-tab-text\"><p><span style=\"font-weight: 400;\">VAUNT<\/span><span style=\"font-weight: 400;\">\u00ae<\/span><span style=\"font-weight: 400;\"> uses <strong>SaaS<\/strong> (Software as a Service), often called software on-demand, which is addressed to all agencies and real estate developers.\u00a0<\/span><\/p><p>\u00a0<\/p><p><span style=\"font-weight: 400;\">The premise of the software-as-a-service, or Saas, model is that a piece of software is hosted on a cloud infrastructure (i.e., operated through a web browser), and businesses pay a monthly fee to get access to this software, without additional costs.\u00a0<\/span><\/p><p>\u00a0<\/p><p><span style=\"font-weight: 400;\">For any proposals\/requests regarding new functionalities, we are looking forward to hearing your opinion.<\/span><\/p><\/p>\n\t<\/div>\n<\/div><h4 class=\"mkdf-accordion-title\">\n\t<span class=\"mkdf-tab-title\">Can I use the app on mobile as well?<\/span>\n    <span class=\"mkdf-accordion-mark\">\n\t\t<span class=\"mkdf_icon_plus icon_plus\"><\/span>\n\t\t<span class=\"mkdf_icon_minus icon_minus-06\"><\/span>\n\t<\/span>\n<\/h4>\n<div class=\"mkdf-accordion-content\">\n\t<div class=\"mkdf-accordion-content-inner\">\n\t\t<p class=\"mkdf-tab-text\"><p><span style=\"font-weight: 400;\">The app is available on mobile, both on iOS and Android.\u00a0(with the exception of Huawei Store - App Gallery). VAUNT<\/span><span style=\"font-weight: 400;\">\u00ae<\/span><span style=\"font-weight: 400;\"> is a native mobile app, which assures a high level of technological quality for mobile phones. It is intuitive, easy to use, fast and secure.\u00a0<\/span><\/p><\/p>\n\t<\/div>\n<\/div><h4 class=\"mkdf-accordion-title\">\n\t<span class=\"mkdf-tab-title\">What are your development plans? <\/span>\n    <span class=\"mkdf-accordion-mark\">\n\t\t<span class=\"mkdf_icon_plus icon_plus\"><\/span>\n\t\t<span class=\"mkdf_icon_minus icon_minus-06\"><\/span>\n\t<\/span>\n<\/h4>\n<div class=\"mkdf-accordion-content\">\n\t<div class=\"mkdf-accordion-content-inner\">\n\t\t<p class=\"mkdf-tab-text\"><p>We are constantly working on updates that improve the efficiency of our app\u2019s usage. To be up to date with everything we are working on, we invite you to sign up for our newsletter. Furthermore, users will always be informed regarding updates or changes in the app through the \u201cDocumentation\u201d section. Furthermore, VAUNT Agency and Developer clients will have acces to a website page where they can see our future improvements and updates planned to be launched in the app. We focus on transparency when it comes to our clients.<\/p><\/p>\n\t<\/div>\n<\/div><h4 class=\"mkdf-accordion-title\">\n\t<span class=\"mkdf-tab-title\">What will happen if there are any errors in the app?<\/span>\n    <span class=\"mkdf-accordion-mark\">\n\t\t<span class=\"mkdf_icon_plus icon_plus\"><\/span>\n\t\t<span class=\"mkdf_icon_minus icon_minus-06\"><\/span>\n\t<\/span>\n<\/h4>\n<div class=\"mkdf-accordion-content\">\n\t<div class=\"mkdf-accordion-content-inner\">\n\t\t<p class=\"mkdf-tab-text\"><p><span style=\"font-weight: 400;\">VAUNT<\/span><span style=\"font-weight: 400;\">\u00ae<\/span><span style=\"font-weight: 400;\"> is a high availability service, so the availability and functionality rate will be higher, tracked by users perception, defined through characteristics such as: fiability, error detectors and continuous operationalization. If you are confronted with major problems, VAUNT<\/span><span style=\"font-weight: 400;\">\u00ae<\/span><span style=\"font-weight: 400;\"> specialists are automatically informed and will solve the problems immediately.\u00a0<\/span><\/p><p>\u00a0<\/p><\/p>\n\t<\/div>\n<\/div><h4 class=\"mkdf-accordion-title\">\n\t<span class=\"mkdf-tab-title\">Does the app have any discounts?<\/span>\n    <span class=\"mkdf-accordion-mark\">\n\t\t<span class=\"mkdf_icon_plus icon_plus\"><\/span>\n\t\t<span class=\"mkdf_icon_minus icon_minus-06\"><\/span>\n\t<\/span>\n<\/h4>\n<div class=\"mkdf-accordion-content\">\n\t<div class=\"mkdf-accordion-content-inner\">\n\t\t<p class=\"mkdf-tab-text\"><p><span style=\"font-weight: 400;\">Our vision was to create an app available to every professional in real estate. The costs are standard, but, whenever special offers are available, you will be able to see them on our website.<\/span><\/p><\/p>\n\t<\/div>\n<\/div><h4 class=\"mkdf-accordion-title\">\n\t<span class=\"mkdf-tab-title\">Can you implement my feedback? <\/span>\n    <span class=\"mkdf-accordion-mark\">\n\t\t<span class=\"mkdf_icon_plus icon_plus\"><\/span>\n\t\t<span class=\"mkdf_icon_minus icon_minus-06\"><\/span>\n\t<\/span>\n<\/h4>\n<div class=\"mkdf-accordion-content\">\n\t<div class=\"mkdf-accordion-content-inner\">\n\t\t<p class=\"mkdf-tab-text\"><p><span style=\"font-weight: 400;\">The idea behind the app is based on focusing on the needs and requests of the real estate market. We are open to our clients\u2019 ideas, so we select what is a priority to their needs and we endeavor to implement it quickly. Your request might even be already solved in the app but in another form. If you can\u2019t find the solution in the \u201cDocumentation\u201d section, we kindly ask you to contact us.\u00a0<\/span><\/p><\/p>\n\t<\/div>\n<\/div><h4 class=\"mkdf-accordion-title\">\n\t<span class=\"mkdf-tab-title\">How do I know my personal data is safe? <\/span>\n    <span class=\"mkdf-accordion-mark\">\n\t\t<span class=\"mkdf_icon_plus icon_plus\"><\/span>\n\t\t<span class=\"mkdf_icon_minus icon_minus-06\"><\/span>\n\t<\/span>\n<\/h4>\n<div class=\"mkdf-accordion-content\">\n\t<div class=\"mkdf-accordion-content-inner\">\n\t\t<p class=\"mkdf-tab-text\"><p><span style=\"font-weight: 400;\">Only you have access to your account. In this regard, you can only connect with your private username and password. Furthermore, you are protected by the VAUNT<\/span><span style=\"font-weight: 400;\">\u00ae<\/span><span style=\"font-weight: 400;\"> Confidentiality Policy, which clearly states that we are not allowed to share any information from your account.\u00a0<\/span><\/p><p>Folosim un serviciu ter\u021b prin care aplica\u021bia noastr\u0103 este monitorizat\u0103 \u00een timp real. Urm\u0103re\u0219te\u00a0<a href=\"http:\/\/tiny.cc\/zrg7fz\">link-ul\u00a0<\/a>pentru a vedea gradul de disponibilitate din ultima perioad\u0103.<\/p><\/p>\n\t<\/div>\n<\/div><h4 class=\"mkdf-accordion-title\">\n\t<span class=\"mkdf-tab-title\">Is the app compliant with GDPR policy? <\/span>\n    <span class=\"mkdf-accordion-mark\">\n\t\t<span class=\"mkdf_icon_plus icon_plus\"><\/span>\n\t\t<span class=\"mkdf_icon_minus icon_minus-06\"><\/span>\n\t<\/span>\n<\/h4>\n<div class=\"mkdf-accordion-content\">\n\t<div class=\"mkdf-accordion-content-inner\">\n\t\t<p class=\"mkdf-tab-text\"><article class=\"post post-129 lsvr_faq type-lsvr_faq status-publish hentry post--expanded\"><div class=\"post__inner\"><div id=\"post__content-wrapper-129\" class=\"post__content-wrapper\" role=\"group\" aria-labelledby=\"post__header-toggle-129\" aria-expanded=\"true\"><div class=\"post__content\"><p><span style=\"font-weight: 400;\">The app is compliant with GDPR (General Data Protection Regulations) policy. You may ask for your clients\u2019 permission to send them newsletters or other promotional messages, while respecting GDPR policy. If you don\u2019t have the necessary online documents, we can provide them for you.\u00a0<\/span><\/p><\/div><\/div><\/div><\/article><article class=\"post post-131 lsvr_faq type-lsvr_faq status-publish hentry\"><div class=\"post__inner\">\u00a0<\/div><\/article><\/p>\n\t<\/div>\n<\/div><h4 class=\"mkdf-accordion-title\">\n\t<span class=\"mkdf-tab-title\">What languages does the app support?<\/span>\n    <span class=\"mkdf-accordion-mark\">\n\t\t<span class=\"mkdf_icon_plus icon_plus\"><\/span>\n\t\t<span class=\"mkdf_icon_minus icon_minus-06\"><\/span>\n\t<\/span>\n<\/h4>\n<div class=\"mkdf-accordion-content\">\n\t<div class=\"mkdf-accordion-content-inner\">\n\t\t<p class=\"mkdf-tab-text\"><p><span style=\"font-weight: 400;\">VAUNT<\/span><span style=\"font-weight: 400;\">\u00ae<\/span><span style=\"font-weight: 400;\"> is an international product. This means it can be used in Romanian language, as well as English and Hebrew. In the process of our development, we will add new languages. <\/span><span style=\"font-weight: 400;\">.<\/span><\/p><\/p>\n\t<\/div>\n<\/div><h4 class=\"mkdf-accordion-title\">\n\t<span class=\"mkdf-tab-title\">I conduct projects in another country. Can I use VAUNT\u00ae for my projects if they are in different cities or countries? <\/span>\n    <span class=\"mkdf-accordion-mark\">\n\t\t<span class=\"mkdf_icon_plus icon_plus\"><\/span>\n\t\t<span class=\"mkdf_icon_minus icon_minus-06\"><\/span>\n\t<\/span>\n<\/h4>\n<div class=\"mkdf-accordion-content\">\n\t<div class=\"mkdf-accordion-content-inner\">\n\t\t<p class=\"mkdf-tab-text\"><p><span style=\"font-weight: 400;\">VAUNT<\/span><span style=\"font-weight: 400;\">\u00ae<\/span><span style=\"font-weight: 400;\"> can be used anytime, anywhere. All you need is your VAUNT<\/span><span style=\"font-weight: 400;\">\u00ae<\/span><span style=\"font-weight: 400;\"> account and an internet connection.\u00a0<\/span><\/p><\/p>\n\t<\/div>\n<\/div><h4 class=\"mkdf-accordion-title\">\n\t<span class=\"mkdf-tab-title\">Are VAUNT\u00ae servers safe? <\/span>\n    <span class=\"mkdf-accordion-mark\">\n\t\t<span class=\"mkdf_icon_plus icon_plus\"><\/span>\n\t\t<span class=\"mkdf_icon_minus icon_minus-06\"><\/span>\n\t<\/span>\n<\/h4>\n<div class=\"mkdf-accordion-content\">\n\t<div class=\"mkdf-accordion-content-inner\">\n\t\t<p class=\"mkdf-tab-text\"><p><span style=\"font-weight: 400;\">The servers\u2019 provider for VAUNT<\/span><span style=\"font-weight: 400;\">\u00ae<\/span><span style=\"font-weight: 400;\"> app is one of the largest in the world: Amazon. Backups are made every 3 hours on other Amazon servers. Your data does not leave the territory of European Union.\u00a0<\/span><\/p><p><span style=\"font-weight: 400;\">Our websites have multiple servers, in multiple geographical areas, to ensure a higher loading speed wherever your website visitors are. <\/span><\/p><\/p>\n\t<\/div>\n<\/div><h4 class=\"mkdf-accordion-title\">\n\t<span class=\"mkdf-tab-title\">Can VAUNT\u00ae connect to my website? <\/span>\n    <span class=\"mkdf-accordion-mark\">\n\t\t<span class=\"mkdf_icon_plus icon_plus\"><\/span>\n\t\t<span class=\"mkdf_icon_minus icon_minus-06\"><\/span>\n\t<\/span>\n<\/h4>\n<div class=\"mkdf-accordion-content\">\n\t<div class=\"mkdf-accordion-content-inner\">\n\t\t<p class=\"mkdf-tab-text\"><p><span style=\"font-weight: 400;\">VAUNT<\/span><span style=\"font-weight: 400;\">\u00ae<\/span><span style=\"font-weight: 400;\"> can connect to your already existent website. Our team will help you with the technical support for your website's integration in VAUNT. \u00a0<\/span><\/p><\/p>\n\t<\/div>\n<\/div><h4 class=\"mkdf-accordion-title\">\n\t<span class=\"mkdf-tab-title\">Can I publish directly from my website? <\/span>\n    <span class=\"mkdf-accordion-mark\">\n\t\t<span class=\"mkdf_icon_plus icon_plus\"><\/span>\n\t\t<span class=\"mkdf_icon_minus icon_minus-06\"><\/span>\n\t<\/span>\n<\/h4>\n<div class=\"mkdf-accordion-content\">\n\t<div class=\"mkdf-accordion-content-inner\">\n\t\t<p class=\"mkdf-tab-text\"><p><span style=\"font-weight: 400;\">We can create a connection between already existing data from your website and VAUNT<\/span><span style=\"font-weight: 400;\">\u00ae<\/span><span style=\"font-weight: 400;\">, as long as <\/span><span style=\"font-weight: 400;\">you have an API (a set of routines, protocols, and tools for building software applications). For more details, do not hesitate to contact us.\u00a0<\/span><\/p><\/p>\n\t<\/div>\n<\/div><h4 class=\"mkdf-accordion-title\">\n\t<span class=\"mkdf-tab-title\">Can leads from my website be transferred to VAUNT\u00ae ?<\/span>\n    <span class=\"mkdf-accordion-mark\">\n\t\t<span class=\"mkdf_icon_plus icon_plus\"><\/span>\n\t\t<span class=\"mkdf_icon_minus icon_minus-06\"><\/span>\n\t<\/span>\n<\/h4>\n<div class=\"mkdf-accordion-content\">\n\t<div class=\"mkdf-accordion-content-inner\">\n\t\t<p class=\"mkdf-tab-text\"><p><span style=\"font-weight: 400;\">Yes, the connection is made via API (a set of routines, protocols, and tools for building software applications). To connect, please contact one of our team members.\u00a0<\/span><\/p><p>\u00a0<\/p><\/p>\n\t<\/div>\n<\/div>\t\t<\/div>\n\t\t\t\t<\/div>\n\t\t\t\t<\/div>\n\t\t\t\t\t<\/div>\n\t\t<\/div>\n\t\t\t\t<div class=\"elementor-column elementor-col-33 elementor-top-column elementor-element elementor-element-d3126d3\" data-id=\"d3126d3\" data-element_type=\"column\">\n\t\t\t<div class=\"elementor-widget-wrap elementor-element-populated\">\n\t\t\t\t\t\t\t<\/div>\n\t\t<\/div>\n\t\t\t\t\t<\/div>\n\t\t<\/section>\n\t\t\t\t<section class=\"elementor-section elementor-top-section elementor-element elementor-element-ee74e72 mkdf-row-grid-section elementor-section-boxed elementor-section-height-default elementor-section-height-default mkdf-parallax-row-no mkdf-disabled-bg-image-bellow-no\" data-id=\"ee74e72\" data-element_type=\"section\">\n\t\t\t\t\t\t<div class=\"elementor-container elementor-column-gap-default\">\n\t\t\t\t\t<div class=\"elementor-column elementor-col-100 elementor-top-column elementor-element elementor-element-aa4dddf\" data-id=\"aa4dddf\" data-element_type=\"column\">\n\t\t\t<div class=\"elementor-widget-wrap elementor-element-populated\">\n\t\t\t\t\t\t<div class=\"elementor-element elementor-element-f1a85d9 elementor-widget elementor-widget-text-editor\" data-id=\"f1a85d9\" data-element_type=\"widget\" data-widget_type=\"text-editor.default\">\n\t\t\t\t<div class=\"elementor-widget-container\">\n\t\t\t\t\t\t\t<h3>Do you have any other questions?\u00a0<\/h3><p>\u00a0<\/p>\t\t\t\t\t\t<\/div>\n\t\t\t\t<\/div>\n\t\t\t\t<div class=\"elementor-element elementor-element-74fa81f elementor-widget elementor-widget-wp-widget-mkdf_contact_form_7_widget\" data-id=\"74fa81f\" data-element_type=\"widget\" data-widget_type=\"wp-widget-mkdf_contact_form_7_widget.default\">\n\t\t\t\t<div class=\"elementor-widget-container\">\n\t\t\t            <div class=\"widget mkdf-contact-form-7-widget \" >\n                                <div role=\"form\" class=\"wpcf7\" id=\"wpcf7-f13936-o1\" lang=\"en-US\" dir=\"ltr\">\n<div class=\"screen-reader-response\"><p role=\"status\" aria-live=\"polite\" aria-atomic=\"true\"><\/p> <ul><\/ul><\/div>\n<form action=\"\/en\/wp-json\/wp\/v2\/pages\/13905#wpcf7-f13936-o1\" method=\"post\" class=\"wpcf7-form init cf7_custom_style_3\" novalidate=\"novalidate\" data-status=\"init\">\n<div style=\"display: none;\">\n<input type=\"hidden\" name=\"_wpcf7\" value=\"13936\" \/>\n<input type=\"hidden\" name=\"_wpcf7_version\" value=\"5.6.4\" \/>\n<input type=\"hidden\" name=\"_wpcf7_locale\" value=\"en_US\" \/>\n<input type=\"hidden\" name=\"_wpcf7_unit_tag\" value=\"wpcf7-f13936-o1\" \/>\n<input type=\"hidden\" name=\"_wpcf7_container_post\" value=\"0\" \/>\n<input type=\"hidden\" name=\"_wpcf7_posted_data_hash\" value=\"\" \/>\n<input type=\"hidden\" name=\"_wpcf7cf_hidden_group_fields\" value=\"[]\" \/>\n<input type=\"hidden\" name=\"_wpcf7cf_hidden_groups\" value=\"[]\" \/>\n<input type=\"hidden\" name=\"_wpcf7cf_visible_groups\" value=\"[]\" \/>\n<input type=\"hidden\" name=\"_wpcf7cf_repeaters\" value=\"[]\" \/>\n<input type=\"hidden\" name=\"_wpcf7cf_steps\" value=\"{}\" \/>\n<input type=\"hidden\" name=\"_wpcf7cf_options\" value=\"{&quot;form_id&quot;:13936,&quot;conditions&quot;:[],&quot;settings&quot;:{&quot;animation&quot;:&quot;yes&quot;,&quot;animation_intime&quot;:200,&quot;animation_outtime&quot;:200,&quot;conditions_ui&quot;:&quot;normal&quot;,&quot;notice_dismissed&quot;:false,&quot;notice_dismissed_update-cf7-5.9.5&quot;:true}}\" \/>\n<input type=\"hidden\" name=\"_wpcf7_recaptcha_response\" value=\"\" \/>\n<\/div>\n<div class=\"mkdf-grid-row mkdf-grid-small-gutter\">\n<div class=\"eltdf-grid-col-12\">\n<p style=\"text-align: center;\">\n\t\t<span class=\"wpcf7-form-control-wrap\" data-name=\"text-712\"><input type=\"text\" name=\"text-712\" value=\"\" size=\"40\" class=\"wpcf7-form-control wpcf7-text\" aria-invalid=\"false\" placeholder=\"Company Name\" \/><\/span>\n<\/div>\n<div class=\"mkdf-grid-col-6\">\n<span class=\"wpcf7-form-control-wrap\" data-name=\"tel-69\"><input type=\"tel\" name=\"tel-69\" value=\"\" size=\"40\" class=\"wpcf7-form-control wpcf7-text wpcf7-tel wpcf7-validates-as-required wpcf7-validates-as-tel\" aria-required=\"true\" aria-invalid=\"false\" placeholder=\"Phone*\" \/><\/span>\n\t<\/div>\n<div class=\"mkdf-grid-col-6\">\n<p style=\"text-align: center;\">\n                <span class=\"wpcf7-form-control-wrap\" data-name=\"email-492\"><input type=\"email\" name=\"email-492\" value=\"\" size=\"40\" class=\"wpcf7-form-control wpcf7-text wpcf7-email wpcf7-validates-as-required wpcf7-validates-as-email\" aria-required=\"true\" aria-invalid=\"false\" placeholder=\"E-mail*\" \/><\/span>\n\t<\/div>\n<\/div>\n<p><span class=\"wpcf7-form-control-wrap\" data-name=\"Companie\"><select name=\"Companie\" class=\"wpcf7-form-control wpcf7-select wpcf7-validates-as-required\" aria-required=\"true\" aria-invalid=\"false\"><option value=\"Developer*\">Developer*<\/option><option value=\"Agency\">Agency<\/option><option value=\"Other\">Other<\/option><\/select><\/span><\/p>\n<div>\n<div class=\"mkdf-cf7-btn-custom-hover\">\n<p style=\"text-align: left; margin-top: 30px;\">\n\t<input type=\"submit\" value=\"SEND YOUR INQUIRY\" class=\"wpcf7-form-control has-spinner wpcf7-submit\" \/>\n\t<\/p>\n<\/div>\n<\/div>\n<div class=\"wpcf7-response-output\" aria-hidden=\"true\"><\/div><\/form><\/div>            <\/div>\n            \t\t<\/div>\n\t\t\t\t<\/div>\n\t\t\t\t\t<\/div>\n\t\t<\/div>\n\t\t\t\t\t<\/div>\n\t\t<\/section>\n\t\t\t\t<\/div>\n\t\t","protected":false},"excerpt":{"rendered":"<p>Can I customize the app? VAUNT\u00ae uses SaaS (Software as a Service), often called software on-demand, which is addressed to all agencies and real estate developers.\u00a0 \u00a0 The premise of the software-as-a-service, or Saas, model is that a piece of [&hellip;]<\/p>\n","protected":false},"author":1,"featured_media":0,"parent":0,"menu_order":0,"comment_status":"closed","ping_status":"closed","template":"full-width.php","meta":{"footnotes":""},"_links":{"self":[{"href":"https:\/\/vaunt.ro\/en\/wp-json\/wp\/v2\/pages\/13905"}],"collection":[{"href":"https:\/\/vaunt.ro\/en\/wp-json\/wp\/v2\/pages"}],"about":[{"href":"https:\/\/vaunt.ro\/en\/wp-json\/wp\/v2\/types\/page"}],"author":[{"embeddable":true,"href":"https:\/\/vaunt.ro\/en\/wp-json\/wp\/v2\/users\/1"}],"replies":[{"embeddable":true,"href":"https:\/\/vaunt.ro\/en\/wp-json\/wp\/v2\/comments?post=13905"}],"version-history":[{"count":29,"href":"https:\/\/vaunt.ro\/en\/wp-json\/wp\/v2\/pages\/13905\/revisions"}],"predecessor-version":[{"id":15704,"href":"https:\/\/vaunt.ro\/en\/wp-json\/wp\/v2\/pages\/13905\/revisions\/15704"}],"wp:attachment":[{"href":"https:\/\/vaunt.ro\/en\/wp-json\/wp\/v2\/media?parent=13905"}],"curies":[{"name":"wp","href":"https:\/\/api.w.org\/{rel}","templated":true}]}}